{"id":3,"date":"2020-12-10T17:20:42","date_gmt":"2020-12-10T16:20:42","guid":{"rendered":"https:\/\/meta-yachts.com\/?page_id=3"},"modified":"2022-05-13T12:16:56","modified_gmt":"2022-05-13T10:16:56","slug":"politique-de-confidentialite","status":"publish","type":"page","link":"https:\/\/meta-yachts.com\/en\/politique-de-confidentialite\/","title":{"rendered":"Privacy policy"},"content":{"rendered":"<div id=\"privacy-settings-accordion-block-wordpress\" class=\"privacy-settings-accordion-panel privacy-text-box-body hide-privacy-policy-tutorial\">\n<h2>Who we are<\/h2>\n<p>Our website address is: https:\/\/meta-yachts.com.<\/p>\n<h2>Cookies<\/h2>\n<p>If you leave a comment on our site you may opt in to saving your name, email address and website in cookies. These are for your convenience so that you do not have to fill in your details again when you leave another comment. These cookies will last for one year.<\/p>\n<p>If you visit our login page, we will set a temporary cookie to determine if your browser accepts cookies. This cookie contains no personal data and is discarded when you close your browser.<\/p>\n<p>When you log in, we will also set up several cookies to save your login information and your screen display choices. Login cookies last for two days, and screen options cookies last for a year. If you select &#8220;Remember Me&#8221;, your login will persist for two weeks. If you log out of your account, the login cookies will be removed.<\/p>\n<p>If you edit or publish an article, an additional cookie will be saved in your browser. This cookie includes no personal data and simply indicates the post ID of the article you just edited. It expires after 1 day.<\/p>\n<div class=\"privacy-settings-accordion-panel privacy-text-box-body hide-privacy-policy-tutorial\">\n<h2>E-mails et newsletter MailPoet<\/h2>\n<p>Si vous \u00eates abonn\u00e9\u00b7e \u00e0 notre newsletter ou si vous \u00eates membre de notre site (vous pouvez vous y connecter) ou si vous avez achet\u00e9 sur notre site, il y a de grandes chances que vous receviez des e-mails de notre part.<\/p>\n<p>Nous vous enverrons uniquement des e-mails que vous avez accept\u00e9 de recevoir, ou qui concernent les services que nous vous fournissons.<\/p>\n<p>Pour vous envoyer des e-mails, nous utilisons le nom et l\u2019adresse e-mail que vous nous avez fourni. Notre site stocke aussi l\u2019adresse IP que vous avez utilis\u00e9 lorsque vous avez sign\u00e9 pour le service pour emp\u00eacher un abus du syst\u00e8me.<\/p>\n<p>Ce site peut envoyer des e-mails via le <a href=\"https:\/\/www.mailpoet.com\/privacy-notice\/\" target=\"_blank\" rel=\"noopener\">service d\u2019envoi MailPoet<\/a>. Ce service nous permet de suivre les clics et les ouvertures de nos e-mails. Nous utilisons cette information pour am\u00e9liorer le contenu de nos newsletters.<\/p>\n<p>Aucune information identifiable n\u2019est autrement retrac\u00e9e en dehors de ce site \u00e0 l\u2019exception de l\u2019adresse e-mail.<\/p>\n<p>MailPoet cr\u00e9e et stocke deux cookies si vous utilisez WooCommerce et MailPoet ensemble. Ces cookies sont\u00a0:<\/p>\n<p>Nom du cookie\u00a0: mailpoet_revenue_tracking<br \/>Expiration du cookie : 14 jours.<br \/>Description du cookie : Le but de ce cookie est de suivre quelle newsletter envoy\u00e9e depuis votre site a \u00e9t\u00e9 cliqu\u00e9 et un a entra\u00een\u00e9 un achat dans votre boutique WooCommerce.<\/p>\n<p>Nom du cookie\u00a0: mailpoet_abandoned_cart_tracking<br \/>Expiration du cookie : 3,650 jours.<br \/>Description du cookie : Le but de ce cookie est de suivre un utilisateur qui a abandonn\u00e9 son panier dans votre boutique WooCommerce pour pouvoir lui envoyer une newsletter de panier abandonn\u00e9 depuis MailPoet.<\/p>\n<p>Note : L\u2019utilisateur doit avoir accept\u00e9 et \u00eatre un abonn\u00e9 confirm\u00e9.<\/p>\n<div id=\"privacy-settings-accordion-block-woocommerce\" class=\"privacy-settings-accordion-panel privacy-text-box-body hide-privacy-policy-tutorial\">\n<div class=\"wp-suggested-text\">\n<p>We collect information about you during the checkout process on our store.<\/p>\n<h2>What we collect and store<\/h2>\n<p>While you visit our site, we\u2019ll track:<\/p>\n<ul>\n<li>Products you\u2019ve viewed: we\u2019ll use this to, for example, show you products you\u2019ve recently viewed<\/li>\n<li>Location, IP address and browser type: we\u2019ll use this for purposes like estimating taxes and shipping<\/li>\n<li>Shipping address: we\u2019ll ask you to enter this so we can, for instance, estimate shipping before you place an order, and send you the order!<\/li>\n<\/ul>\n<p>We\u2019ll also use cookies to keep track of basket contents while you\u2019re browsing our site.<\/p>\n<p>When you purchase from us, we\u2019ll ask you to provide information including your name, billing address, shipping address, email address, phone number, credit card\/payment details and optional account information like username and password. We\u2019ll use this information for purposes, such as, to:<\/p>\n<ul>\n<li>Send you information about your account and order<\/li>\n<li>Respond to your requests, including refunds and complaints<\/li>\n<li>Process payments and prevent fraud<\/li>\n<li>Set up your account for our store<\/li>\n<li>Comply with any legal obligations we have, such as calculating taxes<\/li>\n<li>Improve our store offerings<\/li>\n<li>Send you marketing messages, if you choose to receive them<\/li>\n<\/ul>\n<p>If you create an account, we will store your name, address, email and phone number, which will be used to populate the checkout for future orders.<\/p>\n<p>We generally store information about you for as long as we need the information for the purposes for which we collect and use it, and we are not legally required to continue to keep it. For example, we will store order information for XXX years for tax and accounting purposes. This includes your name, email address and billing and shipping addresses.<\/p>\n<p>We will also store comments or reviews, if you choose to leave them.<\/p>\n<h2>Who on our team has access<\/h2>\n<p>Members of our team have access to the information you provide us. For example, both Administrators and Shop Managers can access:<\/p>\n<ul>\n<li>Order information like what was purchased, when it was purchased and where it should be sent, and<\/li>\n<li>Customer information like your name, email address, and billing and shipping information.<\/li>\n<\/ul>\n<p>Our team members have access to this information to help fulfill orders, process refunds and support you.<\/p>\n<h2>What we share with others<\/h2>\n<p>We share information with third parties who help us provide our orders and store services to you; for example &#8212;<\/p>\n<h3>Payments<\/h3>\n<p>&nbsp;<\/p>\n<\/div>\n<h2>Audience statistics and measurements<\/h2>\n<p>[matomo_opt_out language=en]<\/p>\n<div class=\"privacy-settings-accordion-actions\">\u00a0<\/div>\n<\/div>\n<\/div>\n<h2>Embedded content from other websites<\/h2>\n<p>Articles on this site may include embedded content (e.g. videos, images, articles, etc.). Embedded content from other websites behaves in the exact same way as if the visitor has visited the other website.<\/p>\n<p>These websites may collect data about you, use cookies, embed additional third-party tracking, and monitor your interaction with that embedded content, including tracking your interaction with the embedded content if you have an account and are logged in to that website.<\/p>\n<h2>Who we share your data with<\/h2>\n<p>If you request a password reset, your IP address will be included in the reset email.<\/p>\n<h2>How long we retain your data<\/h2>\n<p>If you leave a comment, the comment and its metadata are retained indefinitely. This is so we can recognise and approve any follow-up comments automatically instead of holding them in a moderation queue.<\/p>\n<p>For users that register on our website (if any), we also store the personal information they provide in their user profile. All users can see, edit, or delete their personal information at any time (except they cannot change their username). Website administrators can also see and edit that information.<\/p>\n<h2>What rights you have over your data<\/h2>\n<p>If you have an account on this site, or have left comments, you can request to receive an exported file of the personal data we hold about you, including any data you have provided to us. You can also request that we erase any personal data we hold about you. This does not include any data we are obliged to keep for administrative, legal, or security purposes.<\/p>\n<h2>Where we send your data<\/h2>\n<p>Visitor comments may be checked through an automated spam detection service.<\/p>\n<div class=\"privacy-settings-accordion-actions\">\u00a0<\/div>\n<\/div>\n","protected":false},"excerpt":{"rendered":"<p>Who we are Our website address is: https:\/\/meta-yachts.com. Cookies If you leave a comment on our site you may opt in to saving your name, email address and website in cookies. These are for your convenience so that you do not have to fill in your details again when you leave another comment. These cookies &hellip; <a href=\"https:\/\/meta-yachts.com\/en\/politique-de-confidentialite\/\">Continued<\/a><\/p>\n","protected":false},"author":1,"featured_media":0,"parent":0,"menu_order":7,"comment_status":"closed","ping_status":"closed","template":"template-custom.php","meta":{"_acf_changed":false,"_themeisle_gutenberg_block_has_review":false,"footnotes":""},"class_list":["post-3","page","type-page","status-publish","hentry"],"acf":[],"yoast_head":"<!-- This site is optimized with the Yoast SEO plugin v27.3 - https:\/\/yoast.com\/product\/yoast-seo-wordpress\/ -->\n<title>Privacy policy<\/title>\n<meta name=\"robots\" content=\"index, follow, max-snippet:-1, max-image-preview:large, max-video-preview:-1\" \/>\n<link rel=\"canonical\" href=\"https:\/\/meta-yachts.com\/en\/politique-de-confidentialite\/\" \/>\n<meta property=\"og:locale\" content=\"en_GB\" \/>\n<meta property=\"og:locale:alternate\" content=\"fr_FR\" \/>\n<meta property=\"og:type\" content=\"article\" \/>\n<meta property=\"og:title\" content=\"Privacy policy\" \/>\n<meta property=\"og:description\" content=\"Who we are Our website address is: https:\/\/meta-yachts.com. Cookies If you leave a comment on our site you may opt in to saving your name, email address and website in cookies. These are for your convenience so that you do not have to fill in your details again when you leave another comment. These cookies &hellip; Continued\" \/>\n<meta property=\"og:url\" content=\"https:\/\/meta-yachts.com\/en\/politique-de-confidentialite\/\" \/>\n<meta property=\"og:site_name\" content=\"META Yachts\" \/>\n<meta property=\"article:publisher\" content=\"https:\/\/www.facebook.com\/metachantiernaval\/\" \/>\n<meta property=\"article:modified_time\" content=\"2022-05-13T10:16:56+00:00\" \/>\n<meta property=\"og:image\" content=\"https:\/\/meta-yachts.com\/wp-content\/uploads\/2021\/05\/logo-meta.png\" \/>\n\t<meta property=\"og:image:width\" content=\"1110\" \/>\n\t<meta property=\"og:image:height\" content=\"565\" \/>\n\t<meta property=\"og:image:type\" content=\"image\/png\" \/>\n<meta name=\"twitter:card\" content=\"summary_large_image\" \/>\n<meta name=\"twitter:label1\" content=\"Estimated reading time\" \/>\n\t<meta name=\"twitter:data1\" content=\"6 minutes\" \/>\n<script type=\"application\/ld+json\" class=\"yoast-schema-graph\">{\"@context\":\"https:\\\/\\\/schema.org\",\"@graph\":[{\"@type\":\"WebPage\",\"@id\":\"https:\\\/\\\/meta-yachts.com\\\/politique-de-confidentialite\\\/\",\"url\":\"https:\\\/\\\/meta-yachts.com\\\/politique-de-confidentialite\\\/\",\"name\":\"Privacy policy\",\"isPartOf\":{\"@id\":\"https:\\\/\\\/meta-yachts.com\\\/#website\"},\"datePublished\":\"2020-12-10T16:20:42+00:00\",\"dateModified\":\"2022-05-13T10:16:56+00:00\",\"breadcrumb\":{\"@id\":\"https:\\\/\\\/meta-yachts.com\\\/politique-de-confidentialite\\\/#breadcrumb\"},\"inLanguage\":\"en-GB\",\"potentialAction\":[{\"@type\":\"ReadAction\",\"target\":[\"https:\\\/\\\/meta-yachts.com\\\/politique-de-confidentialite\\\/\"]}]},{\"@type\":\"BreadcrumbList\",\"@id\":\"https:\\\/\\\/meta-yachts.com\\\/politique-de-confidentialite\\\/#breadcrumb\",\"itemListElement\":[{\"@type\":\"ListItem\",\"position\":1,\"name\":\"Accueil\",\"item\":\"https:\\\/\\\/meta-yachts.com\\\/en\\\/\"},{\"@type\":\"ListItem\",\"position\":2,\"name\":\"Politique de confidentialit\u00e9\"}]},{\"@type\":\"WebSite\",\"@id\":\"https:\\\/\\\/meta-yachts.com\\\/#website\",\"url\":\"https:\\\/\\\/meta-yachts.com\\\/\",\"name\":\"META Yachts\",\"description\":\"ALUMINUM BLUEWATER & EXPEDITION BOATS\",\"publisher\":{\"@id\":\"https:\\\/\\\/meta-yachts.com\\\/#organization\"},\"potentialAction\":[{\"@type\":\"SearchAction\",\"target\":{\"@type\":\"EntryPoint\",\"urlTemplate\":\"https:\\\/\\\/meta-yachts.com\\\/?s={search_term_string}\"},\"query-input\":{\"@type\":\"PropertyValueSpecification\",\"valueRequired\":true,\"valueName\":\"search_term_string\"}}],\"inLanguage\":\"en-GB\"},{\"@type\":\"Organization\",\"@id\":\"https:\\\/\\\/meta-yachts.com\\\/#organization\",\"name\":\"META Yachts\",\"url\":\"https:\\\/\\\/meta-yachts.com\\\/\",\"logo\":{\"@type\":\"ImageObject\",\"inLanguage\":\"en-GB\",\"@id\":\"https:\\\/\\\/meta-yachts.com\\\/#\\\/schema\\\/logo\\\/image\\\/\",\"url\":\"https:\\\/\\\/meta-yachts.com\\\/wp-content\\\/uploads\\\/2022\\\/11\\\/META-Yachts-Chantier-Naval.png\",\"contentUrl\":\"https:\\\/\\\/meta-yachts.com\\\/wp-content\\\/uploads\\\/2022\\\/11\\\/META-Yachts-Chantier-Naval.png\",\"width\":556,\"height\":462,\"caption\":\"META Yachts\"},\"image\":{\"@id\":\"https:\\\/\\\/meta-yachts.com\\\/#\\\/schema\\\/logo\\\/image\\\/\"},\"sameAs\":[\"https:\\\/\\\/www.facebook.com\\\/metachantiernaval\\\/\",\"https:\\\/\\\/www.instagram.com\\\/metayachts\\\/\",\"https:\\\/\\\/www.linkedin.com\\\/company\\\/meta-chantier-naval\\\/\",\"https:\\\/\\\/www.youtube.com\\\/channel\\\/UCHmspre7fhbBwugPzMCQqzw\"]}]}<\/script>\n<!-- \/ Yoast SEO plugin. -->","yoast_head_json":{"title":"Privacy policy","robots":{"index":"index","follow":"follow","max-snippet":"max-snippet:-1","max-image-preview":"max-image-preview:large","max-video-preview":"max-video-preview:-1"},"canonical":"https:\/\/meta-yachts.com\/en\/politique-de-confidentialite\/","og_locale":"en_GB","og_type":"article","og_title":"[:fr]Politique de confidentialit\u00e9[:en]Privacy policy[:] - META Yachts","og_description":"Who we are Our website address is: https:\/\/meta-yachts.com. Cookies If you leave a comment on our site you may opt in to saving your name, email address and website in cookies. These are for your convenience so that you do not have to fill in your details again when you leave another comment. These cookies &hellip; Continued","og_url":"https:\/\/meta-yachts.com\/en\/politique-de-confidentialite\/","og_site_name":"META Yachts","article_publisher":"https:\/\/www.facebook.com\/metachantiernaval\/","article_modified_time":"2022-05-13T10:16:56+00:00","og_image":[{"width":1110,"height":565,"url":"https:\/\/meta-yachts.com\/wp-content\/uploads\/2021\/05\/logo-meta.png","type":"image\/png"}],"twitter_card":"summary_large_image","twitter_misc":{"Estimated reading time":"6 minutes"},"schema":{"@context":"https:\/\/schema.org","@graph":[{"@type":"WebPage","@id":"https:\/\/meta-yachts.com\/politique-de-confidentialite\/","url":"https:\/\/meta-yachts.com\/politique-de-confidentialite\/","name":"Privacy policy","isPartOf":{"@id":"https:\/\/meta-yachts.com\/#website"},"datePublished":"2020-12-10T16:20:42+00:00","dateModified":"2022-05-13T10:16:56+00:00","breadcrumb":{"@id":"https:\/\/meta-yachts.com\/politique-de-confidentialite\/#breadcrumb"},"inLanguage":"en-GB","potentialAction":[{"@type":"ReadAction","target":["https:\/\/meta-yachts.com\/politique-de-confidentialite\/"]}]},{"@type":"BreadcrumbList","@id":"https:\/\/meta-yachts.com\/politique-de-confidentialite\/#breadcrumb","itemListElement":[{"@type":"ListItem","position":1,"name":"Accueil","item":"https:\/\/meta-yachts.com\/en\/"},{"@type":"ListItem","position":2,"name":"Politique de confidentialit\u00e9"}]},{"@type":"WebSite","@id":"https:\/\/meta-yachts.com\/#website","url":"https:\/\/meta-yachts.com\/","name":"META Yachts","description":"ALUMINUM BLUEWATER & EXPEDITION BOATS","publisher":{"@id":"https:\/\/meta-yachts.com\/#organization"},"potentialAction":[{"@type":"SearchAction","target":{"@type":"EntryPoint","urlTemplate":"https:\/\/meta-yachts.com\/?s={search_term_string}"},"query-input":{"@type":"PropertyValueSpecification","valueRequired":true,"valueName":"search_term_string"}}],"inLanguage":"en-GB"},{"@type":"Organization","@id":"https:\/\/meta-yachts.com\/#organization","name":"META Yachts","url":"https:\/\/meta-yachts.com\/","logo":{"@type":"ImageObject","inLanguage":"en-GB","@id":"https:\/\/meta-yachts.com\/#\/schema\/logo\/image\/","url":"https:\/\/meta-yachts.com\/wp-content\/uploads\/2022\/11\/META-Yachts-Chantier-Naval.png","contentUrl":"https:\/\/meta-yachts.com\/wp-content\/uploads\/2022\/11\/META-Yachts-Chantier-Naval.png","width":556,"height":462,"caption":"META Yachts"},"image":{"@id":"https:\/\/meta-yachts.com\/#\/schema\/logo\/image\/"},"sameAs":["https:\/\/www.facebook.com\/metachantiernaval\/","https:\/\/www.instagram.com\/metayachts\/","https:\/\/www.linkedin.com\/company\/meta-chantier-naval\/","https:\/\/www.youtube.com\/channel\/UCHmspre7fhbBwugPzMCQqzw"]}]}},"_links":{"self":[{"href":"https:\/\/meta-yachts.com\/en\/wp-json\/wp\/v2\/pages\/3","targetHints":{"allow":["GET"]}}],"collection":[{"href":"https:\/\/meta-yachts.com\/en\/wp-json\/wp\/v2\/pages"}],"about":[{"href":"https:\/\/meta-yachts.com\/en\/wp-json\/wp\/v2\/types\/page"}],"author":[{"embeddable":true,"href":"https:\/\/meta-yachts.com\/en\/wp-json\/wp\/v2\/users\/1"}],"replies":[{"embeddable":true,"href":"https:\/\/meta-yachts.com\/en\/wp-json\/wp\/v2\/comments?post=3"}],"version-history":[{"count":0,"href":"https:\/\/meta-yachts.com\/en\/wp-json\/wp\/v2\/pages\/3\/revisions"}],"wp:attachment":[{"href":"https:\/\/meta-yachts.com\/en\/wp-json\/wp\/v2\/media?parent=3"}],"curies":[{"name":"wp","href":"https:\/\/api.w.org\/{rel}","templated":true}]}}